{"id":118,"date":"2023-10-11T18:10:20","date_gmt":"2023-10-11T18:10:20","guid":{"rendered":"https:\/\/highprecisionscales.com\/?post_type=product&#038;p=118"},"modified":"2023-10-12T01:55:25","modified_gmt":"2023-10-12T01:55:25","slug":"termometro-digital-electrico-checktemp","status":"publish","type":"product","link":"https:\/\/highprecisionscales.com\/index.php\/producto\/termometro-digital-electrico-checktemp\/","title":{"rendered":"Term\u00f3metro Digital Electrico Checktemp"},"content":{"rendered":"<p>Es un term\u00f3metro digital con sonda de acero inoxidable<br \/>\nque provee una gran presi\u00f3n en un amplio rango de<br \/>\nEl medidor ofrece una gran simplicidad y dise\u00f1o resistente,<br \/>\nsu amplia pantalla evita errores de paralaje y cuenta con la<br \/>\ntecnolog\u00eda Cal Check. La punta de acero inoxidable permite<br \/>\npenetrar f\u00e1cilmente en productos semis\u00f3lidos, haciendo<br \/>\nsencilla las mediciones rutinarias en insumos y productos<br \/>\nterminados.<\/p>\n","protected":false},"excerpt":{"rendered":"<p>Es un term\u00f3metro digital con sonda de acero inoxidable que provee una gran presi\u00f3n en un amplio rango de El medidor ofrece una gran simplicidad y dise\u00f1o resistente, su amplia pantalla evita errores de paralaje y cuenta con la tecnolog\u00eda Cal Check. La punta de acero inoxidable permite penetrar f\u00e1cilmente en productos semis\u00f3lidos, haciendo sencilla &hellip;<\/p>\n<p class=\"read-more\"> <a class=\"\" href=\"https:\/\/highprecisionscales.com\/index.php\/producto\/termometro-digital-electrico-checktemp\/\"> <span class=\"screen-reader-text\">Term\u00f3metro Digital Electrico Checktemp<\/span> Leer m\u00e1s &raquo;<\/a><\/p>\n","protected":false},"featured_media":120,"comment_status":"open","ping_status":"closed","template":"","meta":{"site-sidebar-layout":"default","site-content-layout":"","ast-site-content-layout":"default","site-content-style":"default","site-sidebar-style":"default","ast-global-header-display":"","ast-banner-title-visibility":"","ast-main-header-display":"","ast-hfb-above-header-display":"","ast-hfb-below-header-display":"","ast-hfb-mobile-header-display":"","site-post-title":"","ast-breadcrumbs-content":"","ast-featured-img":"","footer-sml-layout":"","theme-transparent-header-meta":"default","adv-header-id-meta":"","stick-header-meta":"","header-above-stick-meta":"","header-main-stick-meta":"","header-below-stick-meta":"","astra-migrate-meta-layouts":"set","_joinchat":[]},"product_cat":[22],"product_tag":[],"class_list":["post-118","product","type-product","status-publish","has-post-thumbnail","hentry","product_cat-elementos-de-medicion-y-control","desktop-align-left","tablet-align-left","mobile-align-left"],"yoast_head":"<!-- This site is optimized with the Yoast SEO plugin v21.3 - https:\/\/yoast.com\/wordpress\/plugins\/seo\/ -->\n<title>Term\u00f3metro Digital Electrico Checktemp - High Precision Scales<\/title>\n<meta name=\"robots\" content=\"index, follow, max-snippet:-1, max-image-preview:large, max-video-preview:-1\" \/>\n<link rel=\"canonical\" href=\"https:\/\/highprecisionscales.com\/index.php\/producto\/termometro-digital-electrico-checktemp\/\" \/>\n<meta property=\"og:locale\" content=\"es_ES\" \/>\n<meta property=\"og:type\" content=\"article\" \/>\n<meta property=\"og:title\" content=\"Term\u00f3metro Digital Electrico Checktemp - High Precision Scales\" \/>\n<meta property=\"og:description\" content=\"Es un term\u00f3metro digital con sonda de acero inoxidable que provee una gran presi\u00f3n en un amplio rango de El medidor ofrece una gran simplicidad y dise\u00f1o resistente, su amplia pantalla evita errores de paralaje y cuenta con la tecnolog\u00eda Cal Check. La punta de acero inoxidable permite penetrar f\u00e1cilmente en productos semis\u00f3lidos, haciendo sencilla &hellip; Term\u00f3metro Digital Electrico Checktemp Leer m\u00e1s &raquo;\" \/>\n<meta property=\"og:url\" content=\"https:\/\/highprecisionscales.com\/index.php\/producto\/termometro-digital-electrico-checktemp\/\" \/>\n<meta property=\"og:site_name\" content=\"High Precision Scales\" \/>\n<meta property=\"article:modified_time\" content=\"2023-10-12T01:55:25+00:00\" \/>\n<meta property=\"og:image\" content=\"https:\/\/highprecisionscales.com\/wp-content\/uploads\/2023\/10\/publicidad-termometro-high_page-0001.jpg\" \/>\n\t<meta property=\"og:image:width\" content=\"1275\" \/>\n\t<meta property=\"og:image:height\" content=\"1650\" \/>\n\t<meta property=\"og:image:type\" content=\"image\/jpeg\" \/>\n<meta name=\"twitter:card\" content=\"summary_large_image\" \/>\n<meta name=\"twitter:label1\" content=\"Tiempo de lectura\" \/>\n\t<meta name=\"twitter:data1\" content=\"1 minuto\" \/>\n<script type=\"application\/ld+json\" class=\"yoast-schema-graph\">{\"@context\":\"https:\/\/schema.org\",\"@graph\":[{\"@type\":\"WebPage\",\"@id\":\"https:\/\/highprecisionscales.com\/index.php\/producto\/termometro-digital-electrico-checktemp\/\",\"url\":\"https:\/\/highprecisionscales.com\/index.php\/producto\/termometro-digital-electrico-checktemp\/\",\"name\":\"Term\u00f3metro Digital Electrico Checktemp - High Precision Scales\",\"isPartOf\":{\"@id\":\"https:\/\/highprecisionscales.com\/#website\"},\"datePublished\":\"2023-10-11T18:10:20+00:00\",\"dateModified\":\"2023-10-12T01:55:25+00:00\",\"breadcrumb\":{\"@id\":\"https:\/\/highprecisionscales.com\/index.php\/producto\/termometro-digital-electrico-checktemp\/#breadcrumb\"},\"inLanguage\":\"es\",\"potentialAction\":[{\"@type\":\"ReadAction\",\"target\":[\"https:\/\/highprecisionscales.com\/index.php\/producto\/termometro-digital-electrico-checktemp\/\"]}]},{\"@type\":\"BreadcrumbList\",\"@id\":\"https:\/\/highprecisionscales.com\/index.php\/producto\/termometro-digital-electrico-checktemp\/#breadcrumb\",\"itemListElement\":[{\"@type\":\"ListItem\",\"position\":1,\"name\":\"Home\",\"item\":\"https:\/\/highprecisionscales.com\/\"},{\"@type\":\"ListItem\",\"position\":2,\"name\":\"Tienda\",\"item\":\"https:\/\/highprecisionscales.com\/index.php\/tienda\/\"},{\"@type\":\"ListItem\",\"position\":3,\"name\":\"Term\u00f3metro Digital Electrico Checktemp\"}]},{\"@type\":\"WebSite\",\"@id\":\"https:\/\/highprecisionscales.com\/#website\",\"url\":\"https:\/\/highprecisionscales.com\/\",\"name\":\"High Precision Scales\",\"description\":\"\",\"potentialAction\":[{\"@type\":\"SearchAction\",\"target\":{\"@type\":\"EntryPoint\",\"urlTemplate\":\"https:\/\/highprecisionscales.com\/?s={search_term_string}\"},\"query-input\":\"required name=search_term_string\"}],\"inLanguage\":\"es\"}]}<\/script>\n<!-- \/ Yoast SEO plugin. -->","yoast_head_json":{"title":"Term\u00f3metro Digital Electrico Checktemp - High Precision Scales","robots":{"index":"index","follow":"follow","max-snippet":"max-snippet:-1","max-image-preview":"max-image-preview:large","max-video-preview":"max-video-preview:-1"},"canonical":"https:\/\/highprecisionscales.com\/index.php\/producto\/termometro-digital-electrico-checktemp\/","og_locale":"es_ES","og_type":"article","og_title":"Term\u00f3metro Digital Electrico Checktemp - High Precision Scales","og_description":"Es un term\u00f3metro digital con sonda de acero inoxidable que provee una gran presi\u00f3n en un amplio rango de El medidor ofrece una gran simplicidad y dise\u00f1o resistente, su amplia pantalla evita errores de paralaje y cuenta con la tecnolog\u00eda Cal Check. La punta de acero inoxidable permite penetrar f\u00e1cilmente en productos semis\u00f3lidos, haciendo sencilla &hellip; Term\u00f3metro Digital Electrico Checktemp Leer m\u00e1s &raquo;","og_url":"https:\/\/highprecisionscales.com\/index.php\/producto\/termometro-digital-electrico-checktemp\/","og_site_name":"High Precision Scales","article_modified_time":"2023-10-12T01:55:25+00:00","og_image":[{"width":1275,"height":1650,"url":"https:\/\/highprecisionscales.com\/wp-content\/uploads\/2023\/10\/publicidad-termometro-high_page-0001.jpg","type":"image\/jpeg"}],"twitter_card":"summary_large_image","twitter_misc":{"Tiempo de lectura":"1 minuto"},"schema":{"@context":"https:\/\/schema.org","@graph":[{"@type":"WebPage","@id":"https:\/\/highprecisionscales.com\/index.php\/producto\/termometro-digital-electrico-checktemp\/","url":"https:\/\/highprecisionscales.com\/index.php\/producto\/termometro-digital-electrico-checktemp\/","name":"Term\u00f3metro Digital Electrico Checktemp - High Precision Scales","isPartOf":{"@id":"https:\/\/highprecisionscales.com\/#website"},"datePublished":"2023-10-11T18:10:20+00:00","dateModified":"2023-10-12T01:55:25+00:00","breadcrumb":{"@id":"https:\/\/highprecisionscales.com\/index.php\/producto\/termometro-digital-electrico-checktemp\/#breadcrumb"},"inLanguage":"es","potentialAction":[{"@type":"ReadAction","target":["https:\/\/highprecisionscales.com\/index.php\/producto\/termometro-digital-electrico-checktemp\/"]}]},{"@type":"BreadcrumbList","@id":"https:\/\/highprecisionscales.com\/index.php\/producto\/termometro-digital-electrico-checktemp\/#breadcrumb","itemListElement":[{"@type":"ListItem","position":1,"name":"Home","item":"https:\/\/highprecisionscales.com\/"},{"@type":"ListItem","position":2,"name":"Tienda","item":"https:\/\/highprecisionscales.com\/index.php\/tienda\/"},{"@type":"ListItem","position":3,"name":"Term\u00f3metro Digital Electrico Checktemp"}]},{"@type":"WebSite","@id":"https:\/\/highprecisionscales.com\/#website","url":"https:\/\/highprecisionscales.com\/","name":"High Precision Scales","description":"","potentialAction":[{"@type":"SearchAction","target":{"@type":"EntryPoint","urlTemplate":"https:\/\/highprecisionscales.com\/?s={search_term_string}"},"query-input":"required name=search_term_string"}],"inLanguage":"es"}]}},"_links":{"self":[{"href":"https:\/\/highprecisionscales.com\/index.php\/wp-json\/wp\/v2\/product\/118","targetHints":{"allow":["GET"]}}],"collection":[{"href":"https:\/\/highprecisionscales.com\/index.php\/wp-json\/wp\/v2\/product"}],"about":[{"href":"https:\/\/highprecisionscales.com\/index.php\/wp-json\/wp\/v2\/types\/product"}],"replies":[{"embeddable":true,"href":"https:\/\/highprecisionscales.com\/index.php\/wp-json\/wp\/v2\/comments?post=118"}],"wp:featuredmedia":[{"embeddable":true,"href":"https:\/\/highprecisionscales.com\/index.php\/wp-json\/wp\/v2\/media\/120"}],"wp:attachment":[{"href":"https:\/\/highprecisionscales.com\/index.php\/wp-json\/wp\/v2\/media?parent=118"}],"wp:term":[{"taxonomy":"product_cat","embeddable":true,"href":"https:\/\/highprecisionscales.com\/index.php\/wp-json\/wp\/v2\/product_cat?post=118"},{"taxonomy":"product_tag","embeddable":true,"href":"https:\/\/highprecisionscales.com\/index.php\/wp-json\/wp\/v2\/product_tag?post=118"}],"curies":[{"name":"wp","href":"https:\/\/api.w.org\/{rel}","templated":true}]}}