{"id":123,"date":"2023-10-11T18:14:34","date_gmt":"2023-10-11T18:14:34","guid":{"rendered":"https:\/\/highprecisionscales.com\/?post_type=product&#038;p=123"},"modified":"2023-10-12T01:56:14","modified_gmt":"2023-10-12T01:56:14","slug":"colorimetro-cloro-libre-checker-hc","status":"publish","type":"product","link":"https:\/\/highprecisionscales.com\/index.php\/producto\/colorimetro-cloro-libre-checker-hc\/","title":{"rendered":"Color\u00edmetro Cloro libre Checker HC"},"content":{"rendered":"<p>El dise\u00f1o redondeado de los Checkers se ajusta a<br \/>\nsu bolsillo o a la palma de su mano; mientras que<br \/>\nmuestra de manera clara las lecturas en una amplia<br \/>\nEl apagado autom\u00e1tico asegurar\u00e1 que la bater\u00eda se<br \/>\nmantendr\u00e1 si el medidor se mantiene encendido.<\/p>\n","protected":false},"excerpt":{"rendered":"<p>El dise\u00f1o redondeado de los Checkers se ajusta a su bolsillo o a la palma de su mano; mientras que muestra de manera clara las lecturas en una amplia El apagado autom\u00e1tico asegurar\u00e1 que la bater\u00eda se mantendr\u00e1 si el medidor se mantiene encendido.<\/p>\n","protected":false},"featured_media":124,"comment_status":"open","ping_status":"closed","template":"","meta":{"site-sidebar-layout":"default","site-content-layout":"","ast-site-content-layout":"default","site-content-style":"default","site-sidebar-style":"default","ast-global-header-display":"","ast-banner-title-visibility":"","ast-main-header-display":"","ast-hfb-above-header-display":"","ast-hfb-below-header-display":"","ast-hfb-mobile-header-display":"","site-post-title":"","ast-breadcrumbs-content":"","ast-featured-img":"","footer-sml-layout":"","theme-transparent-header-meta":"default","adv-header-id-meta":"","stick-header-meta":"","header-above-stick-meta":"","header-main-stick-meta":"","header-below-stick-meta":"","astra-migrate-meta-layouts":"set","_joinchat":[]},"product_cat":[22],"product_tag":[],"class_list":["post-123","product","type-product","status-publish","has-post-thumbnail","hentry","product_cat-elementos-de-medicion-y-control","desktop-align-left","tablet-align-left","mobile-align-left"],"yoast_head":"<!-- This site is optimized with the Yoast SEO plugin v21.3 - https:\/\/yoast.com\/wordpress\/plugins\/seo\/ -->\n<title>Color\u00edmetro Cloro libre Checker HC - High Precision Scales<\/title>\n<meta name=\"robots\" content=\"index, follow, max-snippet:-1, max-image-preview:large, max-video-preview:-1\" \/>\n<link rel=\"canonical\" href=\"https:\/\/highprecisionscales.com\/index.php\/producto\/colorimetro-cloro-libre-checker-hc\/\" \/>\n<meta property=\"og:locale\" content=\"es_ES\" \/>\n<meta property=\"og:type\" content=\"article\" \/>\n<meta property=\"og:title\" content=\"Color\u00edmetro Cloro libre Checker HC - High Precision Scales\" \/>\n<meta property=\"og:description\" content=\"El dise\u00f1o redondeado de los Checkers se ajusta a su bolsillo o a la palma de su mano; mientras que muestra de manera clara las lecturas en una amplia El apagado autom\u00e1tico asegurar\u00e1 que la bater\u00eda se mantendr\u00e1 si el medidor se mantiene encendido.\" \/>\n<meta property=\"og:url\" content=\"https:\/\/highprecisionscales.com\/index.php\/producto\/colorimetro-cloro-libre-checker-hc\/\" \/>\n<meta property=\"og:site_name\" content=\"High Precision Scales\" \/>\n<meta property=\"article:modified_time\" content=\"2023-10-12T01:56:14+00:00\" \/>\n<meta property=\"og:image\" content=\"https:\/\/highprecisionscales.com\/wp-content\/uploads\/2023\/10\/publicidad-colorimetro-high_page-0001.jpg\" \/>\n\t<meta property=\"og:image:width\" content=\"1275\" \/>\n\t<meta property=\"og:image:height\" content=\"1650\" \/>\n\t<meta property=\"og:image:type\" content=\"image\/jpeg\" \/>\n<meta name=\"twitter:card\" content=\"summary_large_image\" \/>\n<meta name=\"twitter:label1\" content=\"Tiempo de lectura\" \/>\n\t<meta name=\"twitter:data1\" content=\"1 minuto\" \/>\n<script type=\"application\/ld+json\" class=\"yoast-schema-graph\">{\"@context\":\"https:\/\/schema.org\",\"@graph\":[{\"@type\":\"WebPage\",\"@id\":\"https:\/\/highprecisionscales.com\/index.php\/producto\/colorimetro-cloro-libre-checker-hc\/\",\"url\":\"https:\/\/highprecisionscales.com\/index.php\/producto\/colorimetro-cloro-libre-checker-hc\/\",\"name\":\"Color\u00edmetro Cloro libre Checker HC - High Precision Scales\",\"isPartOf\":{\"@id\":\"https:\/\/highprecisionscales.com\/#website\"},\"datePublished\":\"2023-10-11T18:14:34+00:00\",\"dateModified\":\"2023-10-12T01:56:14+00:00\",\"breadcrumb\":{\"@id\":\"https:\/\/highprecisionscales.com\/index.php\/producto\/colorimetro-cloro-libre-checker-hc\/#breadcrumb\"},\"inLanguage\":\"es\",\"potentialAction\":[{\"@type\":\"ReadAction\",\"target\":[\"https:\/\/highprecisionscales.com\/index.php\/producto\/colorimetro-cloro-libre-checker-hc\/\"]}]},{\"@type\":\"BreadcrumbList\",\"@id\":\"https:\/\/highprecisionscales.com\/index.php\/producto\/colorimetro-cloro-libre-checker-hc\/#breadcrumb\",\"itemListElement\":[{\"@type\":\"ListItem\",\"position\":1,\"name\":\"Home\",\"item\":\"https:\/\/highprecisionscales.com\/\"},{\"@type\":\"ListItem\",\"position\":2,\"name\":\"Tienda\",\"item\":\"https:\/\/highprecisionscales.com\/index.php\/tienda\/\"},{\"@type\":\"ListItem\",\"position\":3,\"name\":\"Color\u00edmetro Cloro libre Checker HC\"}]},{\"@type\":\"WebSite\",\"@id\":\"https:\/\/highprecisionscales.com\/#website\",\"url\":\"https:\/\/highprecisionscales.com\/\",\"name\":\"High Precision Scales\",\"description\":\"\",\"potentialAction\":[{\"@type\":\"SearchAction\",\"target\":{\"@type\":\"EntryPoint\",\"urlTemplate\":\"https:\/\/highprecisionscales.com\/?s={search_term_string}\"},\"query-input\":\"required name=search_term_string\"}],\"inLanguage\":\"es\"}]}<\/script>\n<!-- \/ Yoast SEO plugin. -->","yoast_head_json":{"title":"Color\u00edmetro Cloro libre Checker HC - High Precision Scales","robots":{"index":"index","follow":"follow","max-snippet":"max-snippet:-1","max-image-preview":"max-image-preview:large","max-video-preview":"max-video-preview:-1"},"canonical":"https:\/\/highprecisionscales.com\/index.php\/producto\/colorimetro-cloro-libre-checker-hc\/","og_locale":"es_ES","og_type":"article","og_title":"Color\u00edmetro Cloro libre Checker HC - High Precision Scales","og_description":"El dise\u00f1o redondeado de los Checkers se ajusta a su bolsillo o a la palma de su mano; mientras que muestra de manera clara las lecturas en una amplia El apagado autom\u00e1tico asegurar\u00e1 que la bater\u00eda se mantendr\u00e1 si el medidor se mantiene encendido.","og_url":"https:\/\/highprecisionscales.com\/index.php\/producto\/colorimetro-cloro-libre-checker-hc\/","og_site_name":"High Precision Scales","article_modified_time":"2023-10-12T01:56:14+00:00","og_image":[{"width":1275,"height":1650,"url":"https:\/\/highprecisionscales.com\/wp-content\/uploads\/2023\/10\/publicidad-colorimetro-high_page-0001.jpg","type":"image\/jpeg"}],"twitter_card":"summary_large_image","twitter_misc":{"Tiempo de lectura":"1 minuto"},"schema":{"@context":"https:\/\/schema.org","@graph":[{"@type":"WebPage","@id":"https:\/\/highprecisionscales.com\/index.php\/producto\/colorimetro-cloro-libre-checker-hc\/","url":"https:\/\/highprecisionscales.com\/index.php\/producto\/colorimetro-cloro-libre-checker-hc\/","name":"Color\u00edmetro Cloro libre Checker HC - High Precision Scales","isPartOf":{"@id":"https:\/\/highprecisionscales.com\/#website"},"datePublished":"2023-10-11T18:14:34+00:00","dateModified":"2023-10-12T01:56:14+00:00","breadcrumb":{"@id":"https:\/\/highprecisionscales.com\/index.php\/producto\/colorimetro-cloro-libre-checker-hc\/#breadcrumb"},"inLanguage":"es","potentialAction":[{"@type":"ReadAction","target":["https:\/\/highprecisionscales.com\/index.php\/producto\/colorimetro-cloro-libre-checker-hc\/"]}]},{"@type":"BreadcrumbList","@id":"https:\/\/highprecisionscales.com\/index.php\/producto\/colorimetro-cloro-libre-checker-hc\/#breadcrumb","itemListElement":[{"@type":"ListItem","position":1,"name":"Home","item":"https:\/\/highprecisionscales.com\/"},{"@type":"ListItem","position":2,"name":"Tienda","item":"https:\/\/highprecisionscales.com\/index.php\/tienda\/"},{"@type":"ListItem","position":3,"name":"Color\u00edmetro Cloro libre Checker HC"}]},{"@type":"WebSite","@id":"https:\/\/highprecisionscales.com\/#website","url":"https:\/\/highprecisionscales.com\/","name":"High Precision Scales","description":"","potentialAction":[{"@type":"SearchAction","target":{"@type":"EntryPoint","urlTemplate":"https:\/\/highprecisionscales.com\/?s={search_term_string}"},"query-input":"required name=search_term_string"}],"inLanguage":"es"}]}},"_links":{"self":[{"href":"https:\/\/highprecisionscales.com\/index.php\/wp-json\/wp\/v2\/product\/123","targetHints":{"allow":["GET"]}}],"collection":[{"href":"https:\/\/highprecisionscales.com\/index.php\/wp-json\/wp\/v2\/product"}],"about":[{"href":"https:\/\/highprecisionscales.com\/index.php\/wp-json\/wp\/v2\/types\/product"}],"replies":[{"embeddable":true,"href":"https:\/\/highprecisionscales.com\/index.php\/wp-json\/wp\/v2\/comments?post=123"}],"wp:featuredmedia":[{"embeddable":true,"href":"https:\/\/highprecisionscales.com\/index.php\/wp-json\/wp\/v2\/media\/124"}],"wp:attachment":[{"href":"https:\/\/highprecisionscales.com\/index.php\/wp-json\/wp\/v2\/media?parent=123"}],"wp:term":[{"taxonomy":"product_cat","embeddable":true,"href":"https:\/\/highprecisionscales.com\/index.php\/wp-json\/wp\/v2\/product_cat?post=123"},{"taxonomy":"product_tag","embeddable":true,"href":"https:\/\/highprecisionscales.com\/index.php\/wp-json\/wp\/v2\/product_tag?post=123"}],"curies":[{"name":"wp","href":"https:\/\/api.w.org\/{rel}","templated":true}]}}