{"id":125,"date":"2023-10-11T18:16:07","date_gmt":"2023-10-11T18:16:07","guid":{"rendered":"https:\/\/highprecisionscales.com\/?post_type=product&#038;p=125"},"modified":"2023-10-14T17:10:01","modified_gmt":"2023-10-14T17:10:01","slug":"resma-carta-blanca","status":"publish","type":"product","link":"https:\/\/highprecisionscales.com\/index.php\/producto\/resma-carta-blanca\/","title":{"rendered":"Resma carta blanca"},"content":{"rendered":"<p>* 100 % Pulpa Virgen de ca\u00f1a de azucar<br \/>\n* Excelente calidad de impresi\u00f3n en todas las tecnolog\u00edas de impresi\u00f3n<br \/>\n* Fotocopia * Laser * Inkjet Escaneada * Offset<\/p>\n","protected":false},"excerpt":{"rendered":"<p>* 100 % Pulpa Virgen de ca\u00f1a de azucar * Excelente calidad de impresi\u00f3n en todas las tecnolog\u00edas de impresi\u00f3n * Fotocopia * Laser * Inkjet Escaneada * Offset<\/p>\n","protected":false},"featured_media":126,"comment_status":"open","ping_status":"closed","template":"","meta":{"site-sidebar-layout":"default","site-content-layout":"","ast-site-content-layout":"default","site-content-style":"default","site-sidebar-style":"default","ast-global-header-display":"","ast-banner-title-visibility":"","ast-main-header-display":"","ast-hfb-above-header-display":"","ast-hfb-below-header-display":"","ast-hfb-mobile-header-display":"","site-post-title":"","ast-breadcrumbs-content":"","ast-featured-img":"","footer-sml-layout":"","theme-transparent-header-meta":"default","adv-header-id-meta":"","stick-header-meta":"","header-above-stick-meta":"","header-main-stick-meta":"","header-below-stick-meta":"","astra-migrate-meta-layouts":"set","_joinchat":[]},"product_cat":[23],"product_tag":[],"class_list":["post-125","product","type-product","status-publish","has-post-thumbnail","hentry","product_cat-resma-blanca","desktop-align-left","tablet-align-left","mobile-align-left"],"yoast_head":"<!-- This site is optimized with the Yoast SEO plugin v21.3 - https:\/\/yoast.com\/wordpress\/plugins\/seo\/ -->\n<title>Resma carta blanca - High Precision Scales<\/title>\n<meta name=\"robots\" content=\"index, follow, max-snippet:-1, max-image-preview:large, max-video-preview:-1\" \/>\n<link rel=\"canonical\" href=\"https:\/\/highprecisionscales.com\/index.php\/producto\/resma-carta-blanca\/\" \/>\n<meta property=\"og:locale\" content=\"es_ES\" \/>\n<meta property=\"og:type\" content=\"article\" \/>\n<meta property=\"og:title\" content=\"Resma carta blanca - High Precision Scales\" \/>\n<meta property=\"og:description\" content=\"* 100 % Pulpa Virgen de ca\u00f1a de azucar * Excelente calidad de impresi\u00f3n en todas las tecnolog\u00edas de impresi\u00f3n * Fotocopia * Laser * Inkjet Escaneada * Offset\" \/>\n<meta property=\"og:url\" content=\"https:\/\/highprecisionscales.com\/index.php\/producto\/resma-carta-blanca\/\" \/>\n<meta property=\"og:site_name\" content=\"High Precision Scales\" \/>\n<meta property=\"article:modified_time\" content=\"2023-10-14T17:10:01+00:00\" \/>\n<meta property=\"og:image\" content=\"https:\/\/highprecisionscales.com\/wp-content\/uploads\/2023\/10\/publicidad-RESMA-high_page-0001.jpg\" \/>\n\t<meta property=\"og:image:width\" content=\"1275\" \/>\n\t<meta property=\"og:image:height\" content=\"1650\" \/>\n\t<meta property=\"og:image:type\" content=\"image\/jpeg\" \/>\n<meta name=\"twitter:card\" content=\"summary_large_image\" \/>\n<meta name=\"twitter:label1\" content=\"Tiempo de lectura\" \/>\n\t<meta name=\"twitter:data1\" content=\"1 minuto\" \/>\n<script type=\"application\/ld+json\" class=\"yoast-schema-graph\">{\"@context\":\"https:\/\/schema.org\",\"@graph\":[{\"@type\":\"WebPage\",\"@id\":\"https:\/\/highprecisionscales.com\/index.php\/producto\/resma-carta-blanca\/\",\"url\":\"https:\/\/highprecisionscales.com\/index.php\/producto\/resma-carta-blanca\/\",\"name\":\"Resma carta blanca - High Precision Scales\",\"isPartOf\":{\"@id\":\"https:\/\/highprecisionscales.com\/#website\"},\"datePublished\":\"2023-10-11T18:16:07+00:00\",\"dateModified\":\"2023-10-14T17:10:01+00:00\",\"breadcrumb\":{\"@id\":\"https:\/\/highprecisionscales.com\/index.php\/producto\/resma-carta-blanca\/#breadcrumb\"},\"inLanguage\":\"es\",\"potentialAction\":[{\"@type\":\"ReadAction\",\"target\":[\"https:\/\/highprecisionscales.com\/index.php\/producto\/resma-carta-blanca\/\"]}]},{\"@type\":\"BreadcrumbList\",\"@id\":\"https:\/\/highprecisionscales.com\/index.php\/producto\/resma-carta-blanca\/#breadcrumb\",\"itemListElement\":[{\"@type\":\"ListItem\",\"position\":1,\"name\":\"Home\",\"item\":\"https:\/\/highprecisionscales.com\/\"},{\"@type\":\"ListItem\",\"position\":2,\"name\":\"Tienda\",\"item\":\"https:\/\/highprecisionscales.com\/index.php\/tienda\/\"},{\"@type\":\"ListItem\",\"position\":3,\"name\":\"Resma carta blanca\"}]},{\"@type\":\"WebSite\",\"@id\":\"https:\/\/highprecisionscales.com\/#website\",\"url\":\"https:\/\/highprecisionscales.com\/\",\"name\":\"High Precision Scales\",\"description\":\"\",\"potentialAction\":[{\"@type\":\"SearchAction\",\"target\":{\"@type\":\"EntryPoint\",\"urlTemplate\":\"https:\/\/highprecisionscales.com\/?s={search_term_string}\"},\"query-input\":\"required name=search_term_string\"}],\"inLanguage\":\"es\"}]}<\/script>\n<!-- \/ Yoast SEO plugin. -->","yoast_head_json":{"title":"Resma carta blanca - High Precision Scales","robots":{"index":"index","follow":"follow","max-snippet":"max-snippet:-1","max-image-preview":"max-image-preview:large","max-video-preview":"max-video-preview:-1"},"canonical":"https:\/\/highprecisionscales.com\/index.php\/producto\/resma-carta-blanca\/","og_locale":"es_ES","og_type":"article","og_title":"Resma carta blanca - High Precision Scales","og_description":"* 100 % Pulpa Virgen de ca\u00f1a de azucar * Excelente calidad de impresi\u00f3n en todas las tecnolog\u00edas de impresi\u00f3n * Fotocopia * Laser * Inkjet Escaneada * Offset","og_url":"https:\/\/highprecisionscales.com\/index.php\/producto\/resma-carta-blanca\/","og_site_name":"High Precision Scales","article_modified_time":"2023-10-14T17:10:01+00:00","og_image":[{"width":1275,"height":1650,"url":"https:\/\/highprecisionscales.com\/wp-content\/uploads\/2023\/10\/publicidad-RESMA-high_page-0001.jpg","type":"image\/jpeg"}],"twitter_card":"summary_large_image","twitter_misc":{"Tiempo de lectura":"1 minuto"},"schema":{"@context":"https:\/\/schema.org","@graph":[{"@type":"WebPage","@id":"https:\/\/highprecisionscales.com\/index.php\/producto\/resma-carta-blanca\/","url":"https:\/\/highprecisionscales.com\/index.php\/producto\/resma-carta-blanca\/","name":"Resma carta blanca - High Precision Scales","isPartOf":{"@id":"https:\/\/highprecisionscales.com\/#website"},"datePublished":"2023-10-11T18:16:07+00:00","dateModified":"2023-10-14T17:10:01+00:00","breadcrumb":{"@id":"https:\/\/highprecisionscales.com\/index.php\/producto\/resma-carta-blanca\/#breadcrumb"},"inLanguage":"es","potentialAction":[{"@type":"ReadAction","target":["https:\/\/highprecisionscales.com\/index.php\/producto\/resma-carta-blanca\/"]}]},{"@type":"BreadcrumbList","@id":"https:\/\/highprecisionscales.com\/index.php\/producto\/resma-carta-blanca\/#breadcrumb","itemListElement":[{"@type":"ListItem","position":1,"name":"Home","item":"https:\/\/highprecisionscales.com\/"},{"@type":"ListItem","position":2,"name":"Tienda","item":"https:\/\/highprecisionscales.com\/index.php\/tienda\/"},{"@type":"ListItem","position":3,"name":"Resma carta blanca"}]},{"@type":"WebSite","@id":"https:\/\/highprecisionscales.com\/#website","url":"https:\/\/highprecisionscales.com\/","name":"High Precision Scales","description":"","potentialAction":[{"@type":"SearchAction","target":{"@type":"EntryPoint","urlTemplate":"https:\/\/highprecisionscales.com\/?s={search_term_string}"},"query-input":"required name=search_term_string"}],"inLanguage":"es"}]}},"_links":{"self":[{"href":"https:\/\/highprecisionscales.com\/index.php\/wp-json\/wp\/v2\/product\/125","targetHints":{"allow":["GET"]}}],"collection":[{"href":"https:\/\/highprecisionscales.com\/index.php\/wp-json\/wp\/v2\/product"}],"about":[{"href":"https:\/\/highprecisionscales.com\/index.php\/wp-json\/wp\/v2\/types\/product"}],"replies":[{"embeddable":true,"href":"https:\/\/highprecisionscales.com\/index.php\/wp-json\/wp\/v2\/comments?post=125"}],"wp:featuredmedia":[{"embeddable":true,"href":"https:\/\/highprecisionscales.com\/index.php\/wp-json\/wp\/v2\/media\/126"}],"wp:attachment":[{"href":"https:\/\/highprecisionscales.com\/index.php\/wp-json\/wp\/v2\/media?parent=125"}],"wp:term":[{"taxonomy":"product_cat","embeddable":true,"href":"https:\/\/highprecisionscales.com\/index.php\/wp-json\/wp\/v2\/product_cat?post=125"},{"taxonomy":"product_tag","embeddable":true,"href":"https:\/\/highprecisionscales.com\/index.php\/wp-json\/wp\/v2\/product_tag?post=125"}],"curies":[{"name":"wp","href":"https:\/\/api.w.org\/{rel}","templated":true}]}}